{"id":905,"date":"2022-11-08T19:14:58","date_gmt":"2022-11-08T22:14:58","guid":{"rendered":"https:\/\/isfdyt20-bue.infd.edu.ar\/sitio\/?page_id=905"},"modified":"2022-11-16T11:07:03","modified_gmt":"2022-11-16T14:07:03","slug":"tecnicatura-superior-en-acompanante-terapeutico-2023","status":"publish","type":"page","link":"https:\/\/isfdyt20-bue.infd.edu.ar\/sitio\/tecnicatura-superior-en-acompanante-terapeutico-2023\/","title":{"rendered":"TECNICATURA SUPERIOR EN ACOMPA\u00d1ANTE TERAP\u00c9UTICO (2023) 3 a\u00f1os, a ciclo cerrado, apertura sujeta a aprobaci\u00f3n de la DES."},"content":{"rendered":"\n<h3 class=\"wp-block-heading\">Plan de Materias<\/h3>\n\n\n\n<p><strong>PRIMER A\u00d1O<\/strong><\/p>\n\n\n\n<ul><li>SALUD P\u00daBLICA Y SALUD MENTAL<\/li><li>CONTEXTUALIZACI\u00d3N DEL CAMPO PROFESIONAL DEL ACOMPA\u00d1AMIENTO TERAP\u00c9UTICO<\/li><li>PRINCIPIOS M\u00c9DICOS Y DE PSICOFARMACOLOG\u00cdA<\/li><li>FUNDAMENTOS DE PSICOLOG\u00cdA GENERAL Y DE INTERVENCI\u00d3N SOCIOCOMUNITARIA<\/li><li>PSICOLOG\u00cdA DE LOS CICLOS VITALES<\/li><li>PSICOPATOLOG\u00cdA<\/li><li>MODALIDADES DE INTERVENCI\u00d3N EN EL ACOMPA\u00d1AMIENTO TERAP\u00c9UTICO<\/li><li>PR\u00c1CTICAS PROFESIONALIZANTES<\/li><\/ul>\n\n\n\n<p><strong>SEGUNDO A\u00d1O<\/strong><\/p>\n\n\n\n<ul><li>INVESTIGACI\u00d3N EN SALUD<\/li><li>MODELO DE OCUPACI\u00d3N HUMANA<\/li><li>\u00c9TICA<\/li><li>ACOMPA\u00d1AMIENTO TERAPEUTICO<\/li><li>PSICOLOG\u00cdA DE GRUPOS<\/li><li>SISTEMAS FAMILIARES<\/li><li>PSICOFARMACOLOG\u00cdA<\/li><\/ul>\n\n\n\n<p><strong>TERCER A\u00d1O<\/strong><\/p>\n\n\n\n<ul><li>INGL\u00c9S<\/li><li>ORGANZACI\u00d3N Y GESTI\u00d3N DE LOS SERVICIOS DE SALUD MENTAL<\/li><li>INTERVENCI\u00d3N COMUNITARIA Y RECURSOS SOCIALES<\/li><li>ACOMPA\u00d1AMIENTO TERAP\u00c9UTICO EN LA NI\u00d1EZ Y ADOLESCENCIA<\/li><li>ACOMPA\u00d1AMIENTO TERAP\u00c9UTICO DEL ADULTO Y ADULTO MAYOR<\/li><\/ul>\n","protected":false},"excerpt":{"rendered":"<p>Plan de Materias PRIMER A\u00d1O SALUD P\u00daBLICA Y SALUD MENTAL CONTEXTUALIZACI\u00d3N DEL CAMPO PROFESIONAL DEL ACOMPA\u00d1AMIENTO TERAP\u00c9UTICO PRINCIPIOS M\u00c9DICOS Y DE PSICOFARMACOLOG\u00cdA FUNDAMENTOS DE PSICOLOG\u00cdA GENERAL Y DE INTERVENCI\u00d3N SOCIOCOMUNITARIA PSICOLOG\u00cdA DE LOS CICLOS VITALES PSICOPATOLOG\u00cdA MODALIDADES DE INTERVENCI\u00d3N EN EL ACOMPA\u00d1AMIENTO TERAP\u00c9UTICO PR\u00c1CTICAS PROFESIONALIZANTES SEGUNDO A\u00d1O INVESTIGACI\u00d3N EN SALUD MODELO DE OCUPACI\u00d3N HUMANA \u00c9TICA &#8230; <a title=\"TECNICATURA SUPERIOR EN ACOMPA\u00d1ANTE TERAP\u00c9UTICO (2023) 3 a\u00f1os, a ciclo cerrado, apertura sujeta a aprobaci\u00f3n de la DES.\" class=\"read-more\" href=\"https:\/\/isfdyt20-bue.infd.edu.ar\/sitio\/tecnicatura-superior-en-acompanante-terapeutico-2023\/\" aria-label=\"More on TECNICATURA SUPERIOR EN ACOMPA\u00d1ANTE TERAP\u00c9UTICO (2023) 3 a\u00f1os, a ciclo cerrado, apertura sujeta a aprobaci\u00f3n de la DES.\">[+]<\/a><\/p>\n","protected":false},"author":7,"featured_media":0,"parent":0,"menu_order":0,"comment_status":"closed","ping_status":"closed","template":"","meta":[],"acf":[],"_links":{"self":[{"href":"https:\/\/isfdyt20-bue.infd.edu.ar\/sitio\/wp-json\/wp\/v2\/pages\/905"}],"collection":[{"href":"https:\/\/isfdyt20-bue.infd.edu.ar\/sitio\/wp-json\/wp\/v2\/pages"}],"about":[{"href":"https:\/\/isfdyt20-bue.infd.edu.ar\/sitio\/wp-json\/wp\/v2\/types\/page"}],"author":[{"embeddable":true,"href":"https:\/\/isfdyt20-bue.infd.edu.ar\/sitio\/wp-json\/wp\/v2\/users\/7"}],"replies":[{"embeddable":true,"href":"https:\/\/isfdyt20-bue.infd.edu.ar\/sitio\/wp-json\/wp\/v2\/comments?post=905"}],"version-history":[{"count":4,"href":"https:\/\/isfdyt20-bue.infd.edu.ar\/sitio\/wp-json\/wp\/v2\/pages\/905\/revisions"}],"predecessor-version":[{"id":915,"href":"https:\/\/isfdyt20-bue.infd.edu.ar\/sitio\/wp-json\/wp\/v2\/pages\/905\/revisions\/915"}],"wp:attachment":[{"href":"https:\/\/isfdyt20-bue.infd.edu.ar\/sitio\/wp-json\/wp\/v2\/media?parent=905"}],"curies":[{"name":"wp","href":"https:\/\/api.w.org\/{rel}","templated":true}]}}