{"id":851,"date":"2021-04-22T22:21:11","date_gmt":"2021-04-23T01:21:11","guid":{"rendered":"https:\/\/isfdyt20-bue.infd.edu.ar\/sitio\/?page_id=851"},"modified":"2021-04-22T22:21:11","modified_gmt":"2021-04-23T01:21:11","slug":"tecnicatura-superior-en-analisis-desarrollo-y-programacion-de-aplicaciones","status":"publish","type":"page","link":"https:\/\/isfdyt20-bue.infd.edu.ar\/sitio\/tecnicatura-superior-en-analisis-desarrollo-y-programacion-de-aplicaciones\/","title":{"rendered":"TECNICATURA SUPERIOR EN AN\u00c1LISIS, DESARROLLO Y PROGRAMACI\u00d3N DE APLICACIONES"},"content":{"rendered":"<p><span style=\"color: #3657af;\"><b>PLAN DE ESTUDIO<\/b><\/span><\/p>\n<table id=\"table1\" border=\"0\" width=\"100%\" cellspacing=\"0\" cellpadding=\"3\">\n<tbody>\n<tr>\n<td>\n<p align=\"justify\"><i><u>Competencia General<\/u><\/i><br \/>\nEl T\u00e9cnico Superior en An\u00e1lisis, Desarrollo\u00a0y Programaci\u00f3n de Aplicaciones, ser\u00e1 un profesional con amplio dominio de\u00a0tecnolog\u00edas de punta, capacitado\u00a0para transferir avances de las ciencias inform\u00e1ticas en el desarrollo de \u00e1mbitos virtuales de soluci\u00f3n a problemas reales, aplicando metodolog\u00edas de administraci\u00f3n de ciclos de vida de los sistemas de informaci\u00f3n, herramientas y procedimientos bajo la aplicaci\u00f3n de normas legales, t\u00e9cnicas y \u00e9ticas.<\/p>\n<p><u><i>\u00c1reas de competencias<br \/>\n<\/i><\/u>Estas \u00e1reas requieren del\/a t\u00e9cnico\/a superior el dominio de un saber hacer complejo en el que se movilizan conocimientos, valores, actitudes y habilidades de car\u00e1cter tecnol\u00f3gico, social y personal que definen su identidad profesional.<br \/>\n&#8211; Organizar la din\u00e1mica adecuada dentro de un sistema de informaci\u00f3n<br \/>\n&#8211; Dise\u00f1ar la incorporaci\u00f3n de Tecnolog\u00eda dentro de la Organizaci\u00f3n<br \/>\n&#8211; Desarrollar soluciones virtuales de paradigmas reales<br \/>\n&#8211; Instalar y mantener sistemas dise\u00f1ados bajo diferentes entornos.<br \/>\n&#8211; Administrar distintos medios de comunicaci\u00f3n y transporte de informaci\u00f3n.<\/p>\n<p><u><i>\u00c1rea Ocupacional<\/i><\/u><br \/>\nEl\u00a0<b>Analista Programador en Desarrollo de Aplicaciones<\/b>\u00a0podr\u00e1 desempe\u00f1arse en relaci\u00f3n de dependencia en todo tipo de empresas que requieran una persona o grupo de personas para funciones de an\u00e1lisis, programaci\u00f3n e implementaci\u00f3n en el desarrollo de Ingenier\u00eda de Software; participar en la organizaci\u00f3n y programaci\u00f3n de sistemas inform\u00e1ticos o como administrador de base de datos; actividades que tambi\u00e9n podr\u00e1 realizar en forma independiente, por medio de consultor\u00edas o liderando grupos de trabajos.<\/p>\n<\/td>\n<\/tr>\n<\/tbody>\n<\/table>\n<p><b>1er. A\u00f1o<\/b><\/p>\n<table class=\"smaller\" border=\"1\" width=\"100%\" cellspacing=\"0\" cellpadding=\"0\">\n<tbody>\n<tr>\n<td colspan=\"5\" align=\"center\" width=\"55%\">ESPACIO DE LA FORMACI\u00d3N B\u00c1SICA<\/td>\n<td colspan=\"2\" align=\"center\" width=\"35%\">ESPACIO DE LA FORMACI\u00d3N ESPEC\u00cdFICA<\/td>\n<td rowspan=\"3\" align=\"center\" width=\"12%\">ESPACIO DE DEFINICI\u00d3N INSTITUCIONAL<\/td>\n<\/tr>\n<tr>\n<td colspan=\"5\" align=\"center\" width=\"55%\">320 Horas Reloj<\/td>\n<td colspan=\"2\" align=\"center\" width=\"35%\">256 Horas Reloj<\/td>\n<\/tr>\n<tr>\n<td align=\"center\" width=\"11%\">\u00c1lgebra<\/td>\n<td align=\"center\" width=\"11%\">An\u00e1lisis Matem\u00e1tico I<\/td>\n<td align=\"center\" width=\"11%\">Ingl\u00e9s T\u00e9cnico I<\/td>\n<td align=\"center\" width=\"11%\">\nAdministraci\u00f3n de las Organizaciones<\/td>\n<td align=\"center\" width=\"11%\">Metodolog\u00eda de la Investigaci\u00f3n<\/td>\n<td align=\"center\" width=\"11%\">Programaci\u00f3n I<\/td>\n<td align=\"center\" width=\"11%\">Sistemas de Computaci\u00f3n<\/td>\n<\/tr>\n<tr>\n<td align=\"center\" width=\"11%\">64 Hs.<\/td>\n<td align=\"center\" width=\"11%\">64 Hs.<\/td>\n<td align=\"center\" width=\"11%\">64 Hs.<\/td>\n<td align=\"center\" width=\"11%\">64 Hs.<\/td>\n<td align=\"center\" width=\"11%\">64 Hs.<\/td>\n<td align=\"center\" width=\"11%\">128 Hs.<\/td>\n<td align=\"center\" width=\"11%\">128 Hs.<\/td>\n<td align=\"center\" width=\"12%\">64 Hs. Reloj<\/td>\n<\/tr>\n<tr>\n<td colspan=\"8\" align=\"center\" width=\"103%\">PR\u00c1CTICA INSTRUMENTAL Y EXPERIENCIA LABORAL<\/td>\n<\/tr>\n<tr>\n<td colspan=\"8\" align=\"center\" width=\"103%\">FORMACI\u00d3N \u00c9TICA Y MUNDO CONTEMPOR\u00c1NEO<\/td>\n<\/tr>\n<tr>\n<td colspan=\"8\" align=\"center\" width=\"103%\">TOTAL DE HORAS ANUALES: 640<\/td>\n<\/tr>\n<\/tbody>\n<\/table>\n<p>&nbsp;<\/p>\n<p><b>2do. A\u00f1o<\/b><\/p>\n<table class=\"smaller\" border=\"1\" width=\"100%\" cellspacing=\"0\" cellpadding=\"0\">\n<tbody>\n<tr>\n<td colspan=\"3\" align=\"center\" width=\"33%\">ESPACIO DE LA FORMACI\u00d3N B\u00c1SICA<\/td>\n<td colspan=\"5\" align=\"center\" width=\"47%\">ESPACIO DE LA FORMACI\u00d3N ESPEC\u00cdFICA<\/td>\n<td rowspan=\"3\" align=\"center\" width=\"13%\">ESPACIO DE DEFINICI\u00d3N INSTITUCIONAL<\/td>\n<\/tr>\n<tr>\n<td colspan=\"3\" align=\"center\" width=\"33%\">192 Horas Reloj<\/td>\n<td colspan=\"5\" align=\"center\" width=\"47%\">416 Horas Reloj<\/td>\n<\/tr>\n<tr>\n<td align=\"center\" width=\"12%\">\nProbabilidades y Estad\u00edsticas<\/td>\n<td align=\"center\" width=\"12%\">An\u00e1lisis Matem\u00e1tico II<\/td>\n<td align=\"center\" width=\"12%\">Ingl\u00e9s T\u00e9cnico II<\/td>\n<td align=\"center\" width=\"13%\">An\u00e1lisis de Sistemas<\/td>\n<td align=\"center\" width=\"13%\">Programaci\u00f3n Orientada a Objetos<\/td>\n<td align=\"center\" width=\"13%\">Seminario de Programaci\u00f3n<\/td>\n<td align=\"center\" width=\"13%\">Sistemas Operativos<\/td>\n<td align=\"center\" width=\"13%\">Bases de Datos<\/td>\n<\/tr>\n<tr>\n<td align=\"center\" width=\"12%\">64 Hs.<\/td>\n<td align=\"center\" width=\"12%\">64 Hs.<\/td>\n<td align=\"center\" width=\"12%\">64 Hs.<\/td>\n<td align=\"center\" width=\"13%\">96 Hs.<\/td>\n<td align=\"center\" width=\"13%\">128 Hs.<\/td>\n<td align=\"center\" width=\"13%\">64 Hs.<\/td>\n<td align=\"center\" width=\"13%\">64 Hs.<\/td>\n<td align=\"center\" width=\"13%\">64 Hs.<\/td>\n<td align=\"center\" width=\"13%\">32 Hs. Reloj<\/td>\n<\/tr>\n<tr>\n<td colspan=\"9\" align=\"center\" width=\"104%\">PR\u00c1CTICA INSTRUMENTAL Y EXPERIENCIA LABORAL<\/td>\n<\/tr>\n<tr>\n<td colspan=\"9\" align=\"center\" width=\"104%\">FORMACI\u00d3N \u00c9TICA Y MUNDO CONTEMPOR\u00c1NEO<\/td>\n<\/tr>\n<tr>\n<td colspan=\"9\" align=\"center\" width=\"104%\">TOTAL DE HORAS ANUALES: 640<\/td>\n<\/tr>\n<\/tbody>\n<\/table>\n<p>&nbsp;<\/p>\n<p><b>3er. A\u00f1o<\/b><\/p>\n<table class=\"smaller\" border=\"1\" width=\"100%\" cellspacing=\"0\" cellpadding=\"0\">\n<tbody>\n<tr>\n<td colspan=\"2\" align=\"center\" width=\"35%\">ESPACIO DE LA FORMACI\u00d3N B\u00c1SICA<\/td>\n<td colspan=\"4\" align=\"center\" width=\"54%\">ESPACIO DE LA FORMACI\u00d3N ESPEC\u00cdFICA<\/td>\n<td rowspan=\"3\" align=\"center\" width=\"17%\">ESPACIO DE DEFINICI\u00d3N INSTITUCIONAL<\/td>\n<\/tr>\n<tr>\n<td colspan=\"2\" align=\"center\" width=\"35%\">160 Horas Reloj<\/td>\n<td colspan=\"4\" align=\"center\" width=\"54%\">320 Horas Reloj<\/td>\n<\/tr>\n<tr>\n<td align=\"center\" width=\"16%\">\nInvestigaci\u00f3n Operativa<\/td>\n<td align=\"center\" width=\"17%\">Econom\u00eda Empresarial<\/td>\n<td align=\"center\" width=\"17%\">Teleinform\u00e1tica<\/td>\n<td align=\"center\" width=\"17%\">Pr\u00e1ctica Profesional<\/td>\n<td align=\"center\" width=\"17%\">Dise\u00f1o e Implementaci\u00f3n de Sistemas<\/td>\n<td align=\"center\" width=\"17%\">Gesti\u00f3n de Base de Datos<\/td>\n<\/tr>\n<tr>\n<td align=\"center\" width=\"16%\">96 Hs.<\/td>\n<td align=\"center\" width=\"17%\">64 Hs.<\/td>\n<td align=\"center\" width=\"17%\">64 Hs.<\/td>\n<td align=\"center\" width=\"17%\">128 Hs.<\/td>\n<td align=\"center\" width=\"17%\">64 Hs.<\/td>\n<td align=\"center\" width=\"17%\">64 Hs.<\/td>\n<td align=\"center\" width=\"17%\">64 Hs. Reloj<\/td>\n<\/tr>\n<tr>\n<td colspan=\"7\" align=\"center\" width=\"107%\">PR\u00c1CTICA INSTRUMENTAL Y EXPERIENCIA LABORAL<\/td>\n<\/tr>\n<tr>\n<td colspan=\"7\" align=\"center\" width=\"107%\">FORMACI\u00d3N \u00c9TICA Y MUNDO CONTEMPOR\u00c1NEO<\/td>\n<\/tr>\n<tr>\n<td colspan=\"7\" align=\"center\" width=\"107%\">TOTAL DE HORAS ANUALES: 544<\/td>\n<\/tr>\n<\/tbody>\n<\/table>\n<p align=\"left\">TOTAL DE HORAS DE LA CARRERA: 1824<\/p>\n<p align=\"center\"><i><u>T\u00edtulo<\/u>:<\/i><b><i>\u00a0Analista Programador en Desarrollo de Aplicaciones<\/i><\/b><\/p>\n<p style=\"text-align: left;\" align=\"center\">\n","protected":false},"excerpt":{"rendered":"<p>PLAN DE ESTUDIO Competencia General El T\u00e9cnico Superior en An\u00e1lisis, Desarrollo\u00a0y Programaci\u00f3n de Aplicaciones, ser\u00e1 un profesional con amplio dominio de\u00a0tecnolog\u00edas de punta, capacitado\u00a0para transferir avances de las ciencias inform\u00e1ticas en el desarrollo de \u00e1mbitos virtuales de soluci\u00f3n a problemas reales, aplicando metodolog\u00edas de administraci\u00f3n de ciclos de vida de los sistemas de informaci\u00f3n, herramientas &#8230; <a title=\"TECNICATURA SUPERIOR EN AN\u00c1LISIS, DESARROLLO Y PROGRAMACI\u00d3N DE APLICACIONES\" class=\"read-more\" href=\"https:\/\/isfdyt20-bue.infd.edu.ar\/sitio\/tecnicatura-superior-en-analisis-desarrollo-y-programacion-de-aplicaciones\/\" aria-label=\"More on TECNICATURA SUPERIOR EN AN\u00c1LISIS, DESARROLLO Y PROGRAMACI\u00d3N DE APLICACIONES\">[+]<\/a><\/p>\n","protected":false},"author":7,"featured_media":0,"parent":0,"menu_order":0,"comment_status":"closed","ping_status":"closed","template":"","meta":[],"acf":[],"_links":{"self":[{"href":"https:\/\/isfdyt20-bue.infd.edu.ar\/sitio\/wp-json\/wp\/v2\/pages\/851"}],"collection":[{"href":"https:\/\/isfdyt20-bue.infd.edu.ar\/sitio\/wp-json\/wp\/v2\/pages"}],"about":[{"href":"https:\/\/isfdyt20-bue.infd.edu.ar\/sitio\/wp-json\/wp\/v2\/types\/page"}],"author":[{"embeddable":true,"href":"https:\/\/isfdyt20-bue.infd.edu.ar\/sitio\/wp-json\/wp\/v2\/users\/7"}],"replies":[{"embeddable":true,"href":"https:\/\/isfdyt20-bue.infd.edu.ar\/sitio\/wp-json\/wp\/v2\/comments?post=851"}],"version-history":[{"count":2,"href":"https:\/\/isfdyt20-bue.infd.edu.ar\/sitio\/wp-json\/wp\/v2\/pages\/851\/revisions"}],"predecessor-version":[{"id":1000,"href":"https:\/\/isfdyt20-bue.infd.edu.ar\/sitio\/wp-json\/wp\/v2\/pages\/851\/revisions\/1000"}],"wp:attachment":[{"href":"https:\/\/isfdyt20-bue.infd.edu.ar\/sitio\/wp-json\/wp\/v2\/media?parent=851"}],"curies":[{"name":"wp","href":"https:\/\/api.w.org\/{rel}","templated":true}]}}