{"id":842,"date":"2021-04-22T01:02:13","date_gmt":"2021-04-22T04:02:13","guid":{"rendered":"https:\/\/isfdyt20-bue.infd.edu.ar\/sitio\/?page_id=842"},"modified":"2021-04-22T01:27:07","modified_gmt":"2021-04-22T04:27:07","slug":"informacion-para-docentes","status":"publish","type":"page","link":"https:\/\/isfdyt20-bue.infd.edu.ar\/sitio\/informacion-para-docentes\/","title":{"rendered":"INFORMACI\u00d3N PARA DOCENTES"},"content":{"rendered":"<p>&nbsp;<\/p>\n<table border=\"0\" width=\"97%\" cellspacing=\"5\" cellpadding=\"0\">\n<tbody>\n<tr>\n<td colspan=\"2\">\n<p align=\"right\"><span style=\"color: #3657af; font-size: small;\"><b><i>DECLARACI\u00d3N JURADA Y LEGAJO PERSONAL<\/i><\/b><\/span><\/p>\n<\/td>\n<\/tr>\n<tr>\n<td colspan=\"2\"><\/td>\n<\/tr>\n<\/tbody>\n<\/table>\n<ul>\n<li><strong>Declaraci\u00f3n Jurada<\/strong>\u00a0&#8211; Deben ser presentadas 2 copias antes del 30 de abril de cada a\u00f1o,\u00a0<b>sin excepci\u00f3n<\/b>. Modelo disponible<a href=\"http:\/\/www.instituto20.com.ar\/archivos\/D_Declaracion%20Jurada.xlsx\"> aqu\u00ed.<\/a><\/li>\n<\/ul>\n<ul>\n<li><strong>Legajo Personal.\u00a0 <\/strong>Ficha modelo para completar <a href=\"http:\/\/www.instituto20.com.ar\/archivos\/Legajo%20docente.doc\">aqu\u00ed.<\/a><\/li>\n<\/ul>\n<p>&nbsp;<\/p>\n<p style=\"text-align: right;\"><b><i>REGLAMENTACI\u00d3N PARA EL NIVEL SUPERIOR<\/i><\/b><\/p>\n<ul>\n<li><a href=\"http:\/\/www.instituto20.com.ar\/archivos\/Ley%2026.058%20-%20Educacion%20Tecnico%20Profesional.pdf\">Ley 26.058 &#8211;\u00a0<b>Ley de Educaci\u00f3n T\u00e9cnico Profesional<\/b>.<\/a><\/li>\n<li><a href=\"http:\/\/www.instituto20.com.ar\/archivos\/Ley%2013.688%20-%20Educacion%20Provincial.doc\">Ley 13.688 &#8211;\u00a0<b>Ley de Educaci\u00f3n Provincial<\/b>.<\/a><\/li>\n<li><a href=\"http:\/\/www.instituto20.com.ar\/archivos\/Resolucion%202383-05%20-%20Reglamento%20de%20Institutos%20Superiores.doc\">Resoluci\u00f3n 2383\/05 &#8211;\u00a0<b>Reglamento Marco de Institutos Superiores<\/b>.<\/a><\/li>\n<li><a href=\"http:\/\/www.instituto20.com.ar\/archivos\/Resolucion%201639-17%20-%20Modificaciones%20al%20Reglamento%20Marco%20de%20Institutos%20Superiores.pdf\">Resoluci\u00f3n 1639\/17 &#8211;\u00a0<b>Modificaciones al Reglamento Marco de Institutos Superiores (2017)<\/b>.<\/a><\/li>\n<\/ul>\n<p>&nbsp;<\/p>\n<p style=\"text-align: right;\"><b><i>CONCURSO DE C\u00c1TEDRAS<\/i><\/b><\/p>\n<ul>\n<li><a href=\"http:\/\/www.instituto20.com.ar\/archivos\/Resolucion%205886-03%20-%20Cobertura%20de%20Catedra.doc\">Resoluci\u00f3n 5886\/03 &#8211;\u00a0<b>Cobertura de c\u00e1tedras en Educaci\u00f3n Superior<\/b>.<\/a><\/li>\n<li><a href=\"http:\/\/www.instituto20.com.ar\/archivos\/Disposicion%2030-05%20-%20Instructivo%20confeccion%20Proyectos%20de%20Catedra.doc\">Disposici\u00f3n 30\/05<\/a> &#8211; Instructivo para la\u00a0<b>confecci\u00f3n de Proyectos de C\u00e1tedra en Educaci\u00f3n Superior<\/b>.<br \/>\n(Respecto al item 12 de EVALUACI\u00d3N, tener en cuenta que la resoluci\u00f3n citada se encuentra derogada. En su lugar se deber\u00e1 recurrir al\u00a0<strong><a href=\"http:\/\/www.instituto20.com.ar\/archivos\/PIE.docx\">Proyecto Institucional de Evaluaci\u00f3n<\/a><\/strong>).<\/li>\n<li><a href=\"http:\/\/www.instituto20.com.ar\/archivos\/Disposicion%2031-05%20-%20Espacio%20de%20la%20Fundamentacion%20Pedagogica.doc\">Disposici\u00f3n 31\/05<\/a> &#8211; Contenidos M\u00ednimos del\u00a0Espacio de la Fundamentaci\u00f3n Pedag\u00f3gica\u00a0com\u00fan a los Profesorados, excepto los nuevos dise\u00f1os curriculares de 2008 en adelante.<\/li>\n<\/ul>\n<p>&nbsp;<\/p>\n<p style=\"text-align: right;\"><strong>PLANES DE ESTUDIO Y CONTENIDOS M\u00cdNIMOS<\/strong><\/p>\n<ul>\n<li><a href=\"http:\/\/www.instituto20.com.ar\/archivos\/Profesorado%20de%20Educacion%20Primaria.doc\">Plan de estudios y contenidos m\u00ednimos del\u00a0Profesorado en Educaci\u00f3n Primaria.<\/a><\/li>\n<\/ul>\n<p style=\"padding-left: 60px;\">Documentos de\u00a0Orientaci\u00f3n para los distintos profesorados:<\/p>\n<p style=\"padding-left: 90px;\"><a href=\"http:\/\/www.instituto20.com.ar\/archivos\/Dise%C3%B1o%20Curricular%20Educacion%20Primaria%20(2018).pdf\">Dise\u00f1o Curricular para\u00a0Educaci\u00f3n Primaria\u00a0(Nuevo 2018)<\/a><\/p>\n<p>&nbsp;<\/p>\n<p style=\"text-align: right;\"><strong>INGRESO, TRAYECTORIA Y PROMOCI\u00d3N<\/strong><\/p>\n<ul>\n<li><a href=\"http:\/\/www.instituto20.com.ar\/archivos\/Ingreso,%20trayectoria%20y%20promocion.doc\">Resoluci\u00f3n 4043\/09<\/a> &#8211;\u00a0R\u00e9gimen Academico Marco (RAM). Ingreso, trayectoria y formativa y promoci\u00f3n.<\/li>\n<li>Proyecto Institucional de Evaluaci\u00f3n (PIE).<\/li>\n<li><a href=\"http:\/\/www.instituto20.com.ar\/archivos\/Ingreso,%20trayectoria%20y%20promocion%20-%20Ampliatoria.doc\">Resoluci\u00f3n 4043\/09 &#8211;\u00a0Ampliatoria R\u00e9gimen Acad\u00e9mico Marco.<\/a><\/li>\n<li><a href=\"http:\/\/www.instituto20.com.ar\/archivos\/Resolucion%201639-17%20-%20Modificaciones%20al%20Reglamento%20Marco%20de%20Institutos%20Superiores.pdf\">Resoluci\u00f3n 1639\/17<\/a> &#8211;\u00a0Modificaci\u00f3n R\u00e9gimen Acad\u00e9mico Marco, Cap\u00edtulo III, \u00abDe las equivalencias\u00bb (2017).<\/li>\n<li><a href=\"http:\/\/www.instituto20.com.ar\/archivos\/Disposicion%20Conjunta%201-2020%20-%20Anexo.pdf\">Disposici\u00f3n Conjunta N\u00b0 1\/2020<\/a> &#8211;\u00a0Pautas complementarias para la evaluaci\u00f3n y acreditaci\u00f3n en el Nivel Superior.<\/li>\n<\/ul>\n<p>&nbsp;<\/p>\n<p style=\"text-align: right;\"><strong>PR\u00c1CTICA DOCENTE<\/strong><\/p>\n<ul>\n<li><a href=\"http:\/\/www.instituto20.com.ar\/archivos\/Contratos%20de%20practica.doc\">Contratos entre estudiante, profesor, e instituciones.<\/a><\/li>\n<li><a href=\"http:\/\/www.instituto20.com.ar\/archivos\/Nota%20observaciones%20y%20practicas.doc\">Notas de solicitud de autorizaci\u00f3n de observaciones y pr\u00e1cticas a instituciones.<\/a><\/li>\n<\/ul>\n<p>&nbsp;<\/p>\n<p style=\"text-align: right;\"><strong>SALIDAS EDUCATIVAS<\/strong><\/p>\n<ul>\n<li><a href=\"http:\/\/www.instituto20.com.ar\/archivos\/Salidas_educativas.pdf\">Resoluci\u00f3n 378\/17<\/a> &#8211;\u00a0Salidas educativas.<\/li>\n<li><a href=\"http:\/\/www.instituto20.com.ar\/archivos\/Salidas_educativas_anexos.pdf\">Resoluci\u00f3n 378\/17<\/a> &#8211;\u00a0Salidas educativas &#8211; Anexos.<\/li>\n<\/ul>\n<p>&nbsp;<\/p>\n","protected":false},"excerpt":{"rendered":"<p>&nbsp; DECLARACI\u00d3N JURADA Y LEGAJO PERSONAL Declaraci\u00f3n Jurada\u00a0&#8211; Deben ser presentadas 2 copias antes del 30 de abril de cada a\u00f1o,\u00a0sin excepci\u00f3n. Modelo disponible aqu\u00ed. Legajo Personal.\u00a0 Ficha modelo para completar aqu\u00ed. &nbsp; REGLAMENTACI\u00d3N PARA EL NIVEL SUPERIOR Ley 26.058 &#8211;\u00a0Ley de Educaci\u00f3n T\u00e9cnico Profesional. Ley 13.688 &#8211;\u00a0Ley de Educaci\u00f3n Provincial. Resoluci\u00f3n 2383\/05 &#8211;\u00a0Reglamento Marco &#8230; <a title=\"INFORMACI\u00d3N PARA DOCENTES\" class=\"read-more\" href=\"https:\/\/isfdyt20-bue.infd.edu.ar\/sitio\/informacion-para-docentes\/\" aria-label=\"More on INFORMACI\u00d3N PARA DOCENTES\">[+]<\/a><\/p>\n","protected":false},"author":7,"featured_media":0,"parent":0,"menu_order":0,"comment_status":"closed","ping_status":"closed","template":"","meta":[],"acf":[],"_links":{"self":[{"href":"https:\/\/isfdyt20-bue.infd.edu.ar\/sitio\/wp-json\/wp\/v2\/pages\/842"}],"collection":[{"href":"https:\/\/isfdyt20-bue.infd.edu.ar\/sitio\/wp-json\/wp\/v2\/pages"}],"about":[{"href":"https:\/\/isfdyt20-bue.infd.edu.ar\/sitio\/wp-json\/wp\/v2\/types\/page"}],"author":[{"embeddable":true,"href":"https:\/\/isfdyt20-bue.infd.edu.ar\/sitio\/wp-json\/wp\/v2\/users\/7"}],"replies":[{"embeddable":true,"href":"https:\/\/isfdyt20-bue.infd.edu.ar\/sitio\/wp-json\/wp\/v2\/comments?post=842"}],"version-history":[{"count":3,"href":"https:\/\/isfdyt20-bue.infd.edu.ar\/sitio\/wp-json\/wp\/v2\/pages\/842\/revisions"}],"predecessor-version":[{"id":847,"href":"https:\/\/isfdyt20-bue.infd.edu.ar\/sitio\/wp-json\/wp\/v2\/pages\/842\/revisions\/847"}],"wp:attachment":[{"href":"https:\/\/isfdyt20-bue.infd.edu.ar\/sitio\/wp-json\/wp\/v2\/media?parent=842"}],"curies":[{"name":"wp","href":"https:\/\/api.w.org\/{rel}","templated":true}]}}