{"id":728,"date":"2018-08-29T19:56:52","date_gmt":"2018-08-29T22:56:52","guid":{"rendered":"https:\/\/isfdyt20-bue.infd.edu.ar\/sitio\/datos-institucionales\/"},"modified":"2021-04-22T00:18:10","modified_gmt":"2021-04-22T03:18:10","slug":"datos-institucionales","status":"publish","type":"page","link":"https:\/\/isfdyt20-bue.infd.edu.ar\/sitio\/datos-institucionales\/","title":{"rendered":"Datos institucionales"},"content":{"rendered":"<blockquote>\n<ul>\n<li>\n<h2><span style=\"font-family: verdana; font-size: small;\">ISFDyT N\u00ba20 &#8211; Anexo Arribe\u00f1o<\/span><span style=\"font-family: verdana; font-size: small;\"><br \/>\n<\/span><\/h2>\n<\/li>\n<li>\n<h2><span style=\"font-family: verdana; font-size: small;\">Horarios de atenci\u00f3n: 17:00 a 22:30<\/span><\/h2>\n<\/li>\n<li>\n<h2><span style=\"font-family: verdana; font-size: small;\">Direcci\u00f3n : Mariano Moreno 381 &#8211; ARRIBE\u00d1OS &#8211; BUENOS\u00a0 AIRES (PROV.)<\/span><\/h2>\n<\/li>\n<li>\n<h2><span style=\"font-family: verdana; font-size: small;\">E-mail de consultas : instituto20anexo@gmail.com<\/span><\/h2>\n<\/li>\n<\/ul>\n<\/blockquote>\n","protected":false},"excerpt":{"rendered":"<p>ISFDyT N\u00ba20 &#8211; Anexo Arribe\u00f1o Horarios de atenci\u00f3n: 17:00 a 22:30 Direcci\u00f3n : Mariano Moreno 381 &#8211; ARRIBE\u00d1OS &#8211; BUENOS\u00a0 AIRES (PROV.) E-mail de consultas : instituto20anexo@gmail.com<\/p>\n","protected":false},"author":72,"featured_media":0,"parent":0,"menu_order":0,"comment_status":"closed","ping_status":"closed","template":"","meta":[],"acf":[],"_links":{"self":[{"href":"https:\/\/isfdyt20-bue.infd.edu.ar\/sitio\/wp-json\/wp\/v2\/pages\/728"}],"collection":[{"href":"https:\/\/isfdyt20-bue.infd.edu.ar\/sitio\/wp-json\/wp\/v2\/pages"}],"about":[{"href":"https:\/\/isfdyt20-bue.infd.edu.ar\/sitio\/wp-json\/wp\/v2\/types\/page"}],"author":[{"embeddable":true,"href":"https:\/\/isfdyt20-bue.infd.edu.ar\/sitio\/wp-json\/wp\/v2\/users\/72"}],"replies":[{"embeddable":true,"href":"https:\/\/isfdyt20-bue.infd.edu.ar\/sitio\/wp-json\/wp\/v2\/comments?post=728"}],"version-history":[{"count":4,"href":"https:\/\/isfdyt20-bue.infd.edu.ar\/sitio\/wp-json\/wp\/v2\/pages\/728\/revisions"}],"predecessor-version":[{"id":829,"href":"https:\/\/isfdyt20-bue.infd.edu.ar\/sitio\/wp-json\/wp\/v2\/pages\/728\/revisions\/829"}],"wp:attachment":[{"href":"https:\/\/isfdyt20-bue.infd.edu.ar\/sitio\/wp-json\/wp\/v2\/media?parent=728"}],"curies":[{"name":"wp","href":"https:\/\/api.w.org\/{rel}","templated":true}]}}