{"id":718,"date":"2018-08-29T19:56:46","date_gmt":"2018-08-29T22:56:46","guid":{"rendered":"https:\/\/isfdyt20-bue.infd.edu.ar\/sitio\/informacion-para-alumnos\/"},"modified":"2023-08-24T00:48:46","modified_gmt":"2023-08-24T03:48:46","slug":"informacion-para-alumnos","status":"publish","type":"page","link":"https:\/\/isfdyt20-bue.infd.edu.ar\/sitio\/informacion-para-alumnos\/","title":{"rendered":"Informaci\u00f3n para alumnos"},"content":{"rendered":"<table border=\"0\" width=\"97%\" cellspacing=\"5\" cellpadding=\"0\">\n<tbody>\n<tr>\n<td><b><i><span style=\"color: #e02c28; font-size: medium;\">GU\u00cdA PARA EL ESTUDIANTE INGRESANTE<\/span><\/i><\/b><\/td>\n<\/tr>\n<tr>\n<td><img decoding=\"async\" loading=\"lazy\" class=\"aligncenter\" src=\"https:\/\/i0.wp.com\/todoporelarterd.com\/wp-content\/uploads\/2020\/07\/Jovenes.jpg?fit=2100%2C900&amp;ssl=1\" width=\"656\" height=\"281\" \/><\/td>\n<\/tr>\n<tr>\n<td><b><span style=\"color: #3657af; font-size: small;\">DOCUMENTACI\u00d3N:<\/span><\/b><span style=\"font-size: small;\">La siguiente documentaci\u00f3n se le solicita al estudiante ingresante:<\/span><\/p>\n<p><span style=\"font-size: small;\">&#8211; Formulario de Inscripci\u00f3n<br \/>\n&#8211; Fotocopia de D.N.I.<br \/>\n&#8211; T\u00edtulo secundario.<br \/>\n&#8211; 2 fotos carnet.<\/span><span style=\"font-size: small;\">Es indispensable entregar toda la documentaci\u00f3n requerida antes del 30 de mayo del a\u00f1o del ciclo lectivo de ingreso; de lo contrario, no se podr\u00e1n continuar con la carrera.\u00a0<\/span><\/td>\n<\/tr>\n<\/tbody>\n<\/table>\n<p><b><span style=\"color: #3657af; font-size: small;\">ASISTENCIA:<\/span><\/b><\/p>\n<blockquote><p><span style=\"font-size: small;\">Al finalizar cada ciclo lectivo, el estudiante debe tener el 60% de asistencia como m\u00ednimo como requisito para aprobar cada cursada.<\/span><\/p>\n<p><span style=\"font-size: small;\">Durante todo el ciclo lectivo los estudiantes podr\u00e1n controlar la asistencia ingresando al sistema online antes mencionado, ingresando el n\u00famero de documento y la contrase\u00f1a personal.<\/span><\/p>\n<p><span style=\"font-size: small;\">Cabe aclarar que las inasistencias no se pueden justificar con certificados de trabajo o estudio, ya que precisamente, estas se encuentran estipuladas dentro del 40% permitido para faltar, porcentaje del cual el estudiante puede hacer uso sin necesidad de aviso previo o justificaci\u00f3n alguna.<\/span><\/p>\n<p><span style=\"font-size: small;\">De no alcanzar el 60% de asistencia, y teniendo m\u00e1s del 50%, deber\u00e1 rendir un recuperatorio de faltas integrador, al finalizar la cursada.<\/span><\/p>\n<p><span style=\"font-size: small;\">En caso de situaciones especiales en que el estudiante requiera m\u00e1s porcentaje de inasistencias, podr\u00e1 pedir al Consejo Acad\u00e9mico Institucional (CAI) una excepci\u00f3n para faltar hasta un 10% m\u00e1s, donde en cuyos casos ese porcentaje no podr\u00e1 exceder del 50% total de inasistencias anual.<\/span><\/p>\n<p><span style=\"font-size: small;\">Para el caso de estudiantes embarazadas, la ley provincial 11.273 establece un r\u00e9gimen especial de inasistencias justificadas, que comprende de un plazo de 30 d\u00edas h\u00e1biles, que se computan durante el embaraza y\/o con posterioridad al nacimiento, pudiendo fraccionarse. Tambi\u00e9n, se posibilita la adecuada lactancia mediante el egreso del establecimiento durante dos horas diarias por un plazo no mayor de doce meses<\/span><\/p><\/blockquote>\n<p><b><span style=\"color: #3657af; font-size: small;\">EVALUACI\u00d3N:<\/span><\/b><\/p>\n<blockquote><p><span style=\"font-size: small;\">La cursada de cada asignatura se considerar\u00e1 aprobada, al finalizar el ciclo lectivo, y luego de haber rendido y aprobado 2 ex\u00e1menes parciales o sus recuperatorios a lo largo del a\u00f1o, a excepci\u00f3n de las materias promocionales que se rigen con un sistema de trabajos pr\u00e1cticos, los que deben ser aprobados en su totalidad y con una nota no menor a 7 (siete).<\/span><\/p>\n<p><span style=\"font-size: small;\">Aprobada la cursada, la asignatura se promocionar\u00e1 definitivamente rindiendo y aprobando un examen final con nota mayor o igual que 4 (cuatro).<\/span><\/p>\n<p><span style=\"font-size: small;\">Las asignaturas consideradas de \u201cpromoci\u00f3n sin examen final\u201d, se promocionan al finalizar el ciclo lectivo, rindiendo y aprobando 2 ex\u00e1menes parciales, y presentando y aprobando al menos 7 trabajos pr\u00e1cticos con nota 7 (siete) o superior.<\/span><\/p>\n<p><span style=\"font-size: small;\">La validez de las cursadas de cada asignatura, ser\u00e1 de 5 ciclos lectivos consecutivos. Durante los mismos, el estudiante puede presentarse a rendir los ex\u00e1menes finales en los 3 turnos habilitados para tal fin, correspondiendo:<\/span><\/p>\n<p><span style=\"font-size: small;\">Turno marzo: dos llamados (*)<br \/>\nTurno agosto: un llamado<br \/>\nTurno noviembre \/ diciembre: dos llamados (*)<\/span><\/p>\n<p>(*) En estos turnos, el estudiante s\u00f3lo podr\u00e1 elegir y rendir en uno de los dos llamados. Por motivos de fuerza mayor, podr\u00e1 eliminarse un llamado en los turnos que haya dos llamados.<\/p><\/blockquote>\n<p><span style=\"color: #3657af; font-size: small;\"><b>EQUIVALENCIAS:<\/b><\/span><\/p>\n<blockquote><p><span style=\"font-size: small;\">Podr\u00e1 solicitar equivalencias el estudiante que crean tener aprobados los contenidos de alguna\/s asignatura\/s rendida\/s y aprobada\/s en otras carreras y\/o establecimientos.<\/span><\/p>\n<p><span style=\"font-size: small;\">Para solicitarlas el estudiante deber\u00e1 presentar en la Secretar\u00eda del Instituto, la documentaci\u00f3n requerida de acuerdo a las normas establecidas por el reglamento.<\/span><\/p>\n<p><span style=\"font-size: small;\">El estudiante deber\u00e1 cursar la asignatura hasta que se resuelva la equivalencia.<\/span><\/p>\n<p><span style=\"font-size: small;\">La fecha de aprobaci\u00f3n de la asignatura solicitada no debe ser mayor de 6 a\u00f1os y no se podr\u00e1n presentar m\u00e1s de 3 asignaturas por materia solicitada.<\/span><\/p>\n<p><span style=\"font-size: small;\">El plazo de entrega de la documentaci\u00f3n requerida es indefectiblemente hasta el 30 de mayo del corriente ciclo lectivo.<\/span><\/p><\/blockquote>\n<p><b><span style=\"color: #3657af; font-size: small;\">MATRICULACI\u00d3N E INSCRIPCI\u00d3N A EX\u00c1MENES FINALES:<\/span><\/b><\/p>\n<blockquote><p><span style=\"font-size: small;\">La matriculaci\u00f3n a las asignaturas y la inscripci\u00f3n para rendir ex\u00e1menes finales se realiza online a trav\u00e9s del Sistema de Informaci\u00f3n para el Estudiante. Las fechas para cada uno de los tr\u00e1mites ser\u00e1n previamente publicadas, como as\u00ed tambi\u00e9n, las fechas y horarios de cada una de las mesas de ex\u00e1menes.<\/span><\/p>\n<p><span style=\"font-size: small;\">Los estudiantes ingresantes de 1er. a\u00f1o de las carreras quedan autom\u00e1ticamente matriculados en todas las asignaturas al comienzo de clases.<\/span><\/p>\n<p><span style=\"font-size: small;\">Los estudiantes de 2\u00ba, 3\u00ba y 4\u00ba a\u00f1o, ya sean recursantes o de cohorte, deber\u00e1n matricularse a trav\u00e9s del sistema online, durante la primera semana de inicio del ciclo lectivo. Finalizado este plazo, no podr\u00e1n ser estudiantes regulares de las c\u00e1tedras en las que no se hayan matriculado.<\/span><\/p>\n<p><span style=\"font-size: small;\">La inscripci\u00f3n o borrado a ex\u00e1menes finales debe realizarse con una antelaci\u00f3n de hasta 24 horas antes de la establecida para la mesa de examen, momento en el cual se cierra la inscripci\u00f3n.<\/span><\/p>\n<p><span style=\"font-size: small;\">Las fechas y horarios son establecidos por la instituci\u00f3n y deben ser respetados, sin poder solicitarse modificaci\u00f3n alguna.<\/span><\/p><\/blockquote>\n<p><b><span style=\"color: #3657af; font-size: small;\">FONIATR\u00cdA:<\/span><\/b><\/p>\n<blockquote><p><span style=\"font-size: small;\">Aquellos estudiantes que se encuentren inscriptos en alg\u00fan profesorado, deber\u00e1n cumplimentar un examen fonoaudiol\u00f3gico, que se realiza en la misma instituci\u00f3n, durante el 1er a\u00f1o de cursada.<\/span><\/p><\/blockquote>\n","protected":false},"excerpt":{"rendered":"<p>GU\u00cdA PARA EL ESTUDIANTE INGRESANTE DOCUMENTACI\u00d3N:La siguiente documentaci\u00f3n se le solicita al estudiante ingresante: &#8211; Formulario de Inscripci\u00f3n &#8211; Fotocopia de D.N.I. &#8211; T\u00edtulo secundario. &#8211; 2 fotos carnet.Es indispensable entregar toda la documentaci\u00f3n requerida antes del 30 de mayo del a\u00f1o del ciclo lectivo de ingreso; de lo contrario, no se podr\u00e1n continuar con &#8230; <a title=\"Informaci\u00f3n para alumnos\" class=\"read-more\" href=\"https:\/\/isfdyt20-bue.infd.edu.ar\/sitio\/informacion-para-alumnos\/\" aria-label=\"More on Informaci\u00f3n para alumnos\">[+]<\/a><\/p>\n","protected":false},"author":72,"featured_media":0,"parent":0,"menu_order":0,"comment_status":"closed","ping_status":"closed","template":"","meta":[],"acf":[],"_links":{"self":[{"href":"https:\/\/isfdyt20-bue.infd.edu.ar\/sitio\/wp-json\/wp\/v2\/pages\/718"}],"collection":[{"href":"https:\/\/isfdyt20-bue.infd.edu.ar\/sitio\/wp-json\/wp\/v2\/pages"}],"about":[{"href":"https:\/\/isfdyt20-bue.infd.edu.ar\/sitio\/wp-json\/wp\/v2\/types\/page"}],"author":[{"embeddable":true,"href":"https:\/\/isfdyt20-bue.infd.edu.ar\/sitio\/wp-json\/wp\/v2\/users\/72"}],"replies":[{"embeddable":true,"href":"https:\/\/isfdyt20-bue.infd.edu.ar\/sitio\/wp-json\/wp\/v2\/comments?post=718"}],"version-history":[{"count":9,"href":"https:\/\/isfdyt20-bue.infd.edu.ar\/sitio\/wp-json\/wp\/v2\/pages\/718\/revisions"}],"predecessor-version":[{"id":992,"href":"https:\/\/isfdyt20-bue.infd.edu.ar\/sitio\/wp-json\/wp\/v2\/pages\/718\/revisions\/992"}],"wp:attachment":[{"href":"https:\/\/isfdyt20-bue.infd.edu.ar\/sitio\/wp-json\/wp\/v2\/media?parent=718"}],"curies":[{"name":"wp","href":"https:\/\/api.w.org\/{rel}","templated":true}]}}