{"id":286,"date":"2016-10-31T13:17:59","date_gmt":"2016-10-31T16:17:59","guid":{"rendered":"https:\/\/isfdyt20-bue.infd.edu.ar\/sitio\/?page_id=286"},"modified":"2024-08-30T10:39:18","modified_gmt":"2024-08-30T13:39:18","slug":"inicio","status":"publish","type":"page","link":"https:\/\/isfdyt20-bue.infd.edu.ar\/sitio\/","title":{"rendered":"Inicio"},"content":{"rendered":"<div id=\"metaslider-id-403\" style=\"width: 100%;\" class=\"ml-slider-3-33-0 metaslider metaslider-flex metaslider-403 ml-slider ms-theme-default\" role=\"region\" aria-roledescription=\"Slideshow\" aria-label=\"Slideshow\">\n    <div id=\"metaslider_container_403\">\n        <div id=\"metaslider_403\" class=\"flexslider\">\n            <ul aria-live=\"polite\" class=\"slides\">\n                <li style=\"display: block; width: 100%;\" class=\"slide-607 ms-image\" aria-roledescription=\"slide\" aria-label=\"slide-607\"><a href=\"https:\/\/mapa.infd.edu.ar\/\" target=\"_blank\"><img src=\"https:\/\/isfdyt20-bue.infd.edu.ar\/sitio\/wp-content\/uploads\/2018\/06\/mapa_infd6-1100x200.png\" height=\"200\" width=\"1100\" alt=\"\" class=\"slider-403 slide-607\" title=\"mapa_infd6\" \/><\/a><\/li>\n                <li style=\"display: none; width: 100%;\" class=\"slide-609 ms-image\" aria-roledescription=\"slide\" aria-label=\"slide-609\"><a href=\"https:\/\/www.argentina.gob.ar\/educacion\/becas\" target=\"_blank\"><img src=\"https:\/\/isfdyt20-bue.infd.edu.ar\/sitio\/wp-content\/uploads\/2018\/06\/becas7-1100x200.png\" height=\"200\" width=\"1100\" alt=\"\" class=\"slider-403 slide-609\" title=\"becas7\" \/><\/a><\/li>\n                <li style=\"display: none; width: 100%;\" class=\"slide-635 ms-image\" aria-roledescription=\"slide\" aria-label=\"slide-635\"><a href=\"https:\/\/www.argentina.gob.ar\/tema\/estudiar\/formacion-docencia\" target=\"_blank\"><img src=\"https:\/\/isfdyt20-bue.infd.edu.ar\/sitio\/wp-content\/uploads\/2018\/06\/convocatorias_slide6-1-1100x200.png\" height=\"200\" width=\"1100\" alt=\"\" class=\"slider-403 slide-635\" title=\"convocatorias_slide6-1\" \/><\/a><\/li>\n            <\/ul>\n        <\/div>\n        \n    <\/div>\n<\/div>\n<table id=\"table1\" style=\"border-top-width: 0px; border-left-width: 0px; border-right-width: 0px;\" border=\"1\" width=\"500\" cellspacing=\"0\" cellpadding=\"10\"><\/table>\n<table id=\"table1\" style=\"height: 932px;\" border=\"1\" width=\"891\" cellspacing=\"0\" cellpadding=\"10\" align=\"center\">\n<tbody>\n<tr>\n<td style=\"border: 1px solid;\">\n<h1 style=\"text-align: center;\"><span style=\"color: #3e748e; font-family: arial,helvetica,sans-serif; font-size: large;\">Instituto Superior de Form<\/span><span style=\"color: #3e748e; font-family: arial, helvetica, sans-serif; font-size: large;\">aci\u00f3n Docente y T\u00e9cnica N\u00ba 20 Martha Carpaneto &#8211; Anexo Arribe\u00f1os<\/span><\/h1>\n<p align=\"center\">\u00a0 \u00a0 \u00a0 \u00a0<img decoding=\"async\" loading=\"lazy\" class=\"alignnone wp-image-763\" src=\"https:\/\/isfdyt20-bue.infd.edu.ar\/sitio\/wp-content\/uploads\/2020\/10\/entrada-Anexo.jpg\" alt=\"\" width=\"357\" height=\"229\" \/><\/p>\n<p style=\"text-align: left;\" align=\"center\">\u00a0 \u00a0 \u00a0 \u00a0 \u00a0 \u00a0 \u00a0 \u00a0 \u00a0 \u00a0 \u00a0 \u00a0 \u00a0 \u00a0 \u00a0 \u00a0 \u00a0 \u00a0 \u00a0 \u00a0 \u00a0 \u00a0 \u00a0 \u00a0 \u00a0 \u00a0 \u00a0 \u00a0 \u00a0 \u00a0 \u00a0 \u00a0 \u00a0 \u00a0 \u00a0 \u00a0 \u00a0 \u00a0 \u00a0 \u00a0 Anexo Arribe\u00f1os &#8211; Mariano Moreno 381 &#8211; Arribe\u00f1os<\/p>\n<h2 style=\"text-align: center;\"><span style=\"color: #ff0000;\"><strong>INSCRIPCI\u00d3N &#8211; CARRERAS CICLO LECTIVO 2023<\/strong><\/span><\/h2>\n<h1 style=\"text-align: center;\"><span style=\"color: #000080;\">Tecnicatura Superior en Acompa\u00f1ante Terap\u00e9utico<\/span><\/h1>\n<p>3 a\u00f1os, a ciclo cerrado,\u00a0<span class=\"style26\">apertura sujeta a aprobaci\u00f3n de la DES.<\/span><\/p>\n<h3 class=\"style33\"><span style=\"color: #ff0000;\"><span class=\"style28\"><strong>INSCRIPCI\u00d3N ABIERTA ON-LINE (remitir copia completa del <a href=\"https:\/\/drive.google.com\/uc?id=1KAym3yaeF_lo7NEMeBIAsY70_xA_t1kd&amp;export=download\">Formulario de Inscripci\u00f3n<\/a> y de la documentaci\u00f3n a: instituto20anexo@gmail.com)<\/strong><\/span><\/span><strong><br \/><\/strong><\/h3>\n<div>Inscripci\u00f3n presencial:<\/div>\n<div class=\"style33\">Deber\u00e1\u00a0<span class=\"style26\">DESCARGAR e IMPRIMIR<\/span>\u00a0el\u00a0<a href=\"https:\/\/drive.google.com\/uc?id=1KAym3yaeF_lo7NEMeBIAsY70_xA_t1kd&amp;export=download\" target=\"_blank\" rel=\"noopener\"><strong>FORMULARIO DE INSCRIPCI\u00d3N<\/strong><\/a>, o bien solicitarlo en la Instituci\u00f3n.<\/div>\n<div>Completarlo y adjuntar la siguiente documentaci\u00f3n:<\/div>\n<ul>\n<li>2 Fotos tipo carnet.<\/li>\n<li>Copia de D.N.I. (frente y dorso)<\/li>\n<li class=\"style33\">Copia del T\u00edtulo Secundario, o certificado de t\u00edtulo en tr\u00e1mite, o constancia general que indique asignaturas adeudas y la orientaci\u00f3n cursada.<\/li>\n<\/ul>\n<div>\n<div>\n<div class=\"style33\">Se recuerda que al 30 de mayo de 2023, deber\u00e1 tener el secundario completo para poder continuar con estudios terciarios.<\/div>\n<\/div>\n<\/div>\n<p align=\"center\">\u00a0<\/p>\n<\/td>\n<\/tr>\n<\/tbody>\n<\/table>\n<h4>SALIDA EDUCATIVA<\/h4>\n<div id='gallery-1' class='gallery galleryid-286 gallery-columns-6 gallery-size-thumbnail'><figure class='gallery-item'>\n\t\t\t<div class='gallery-icon landscape'>\n\t\t\t\t<a href='https:\/\/isfdyt20-bue.infd.edu.ar\/sitio\/inicio\/whatsapp-image-2023-07-14-at-16-24-58\/#main'><img width=\"500\" height=\"500\" src=\"https:\/\/isfdyt20-bue.infd.edu.ar\/sitio\/wp-content\/uploads\/2023\/08\/WhatsApp-Image-2023-07-14-at-16.24.58-500x500.jpeg\" class=\"attachment-thumbnail size-thumbnail\" alt=\"\" decoding=\"async\" loading=\"lazy\" \/><\/a>\n\t\t\t<\/div><\/figure><figure class='gallery-item'>\n\t\t\t<div class='gallery-icon landscape'>\n\t\t\t\t<a href='https:\/\/isfdyt20-bue.infd.edu.ar\/sitio\/inicio\/whatsapp-image-2023-07-14-at-16-24-57-2\/#main'><img width=\"500\" height=\"500\" src=\"https:\/\/isfdyt20-bue.infd.edu.ar\/sitio\/wp-content\/uploads\/2023\/08\/WhatsApp-Image-2023-07-14-at-16.24.57-2-500x500.jpeg\" class=\"attachment-thumbnail size-thumbnail\" alt=\"\" decoding=\"async\" loading=\"lazy\" \/><\/a>\n\t\t\t<\/div><\/figure><figure class='gallery-item'>\n\t\t\t<div class='gallery-icon portrait'>\n\t\t\t\t<a href='https:\/\/isfdyt20-bue.infd.edu.ar\/sitio\/inicio\/whatsapp-image-2023-07-14-at-16-24-57\/#main'><img width=\"500\" height=\"500\" src=\"https:\/\/isfdyt20-bue.infd.edu.ar\/sitio\/wp-content\/uploads\/2023\/08\/WhatsApp-Image-2023-07-14-at-16.24.57-500x500.jpeg\" class=\"attachment-thumbnail size-thumbnail\" alt=\"\" decoding=\"async\" loading=\"lazy\" \/><\/a>\n\t\t\t<\/div><\/figure><figure class='gallery-item'>\n\t\t\t<div class='gallery-icon portrait'>\n\t\t\t\t<a href='https:\/\/isfdyt20-bue.infd.edu.ar\/sitio\/inicio\/whatsapp-image-2023-07-14-at-16-24-57-1\/#main'><img width=\"500\" height=\"500\" src=\"https:\/\/isfdyt20-bue.infd.edu.ar\/sitio\/wp-content\/uploads\/2023\/08\/WhatsApp-Image-2023-07-14-at-16.24.57-1-500x500.jpeg\" class=\"attachment-thumbnail size-thumbnail\" alt=\"\" decoding=\"async\" loading=\"lazy\" \/><\/a>\n\t\t\t<\/div><\/figure><figure class='gallery-item'>\n\t\t\t<div class='gallery-icon landscape'>\n\t\t\t\t<a href='https:\/\/isfdyt20-bue.infd.edu.ar\/sitio\/inicio\/whatsapp-image-2023-07-14-at-16-24-56\/#main'><img width=\"500\" height=\"500\" src=\"https:\/\/isfdyt20-bue.infd.edu.ar\/sitio\/wp-content\/uploads\/2023\/08\/WhatsApp-Image-2023-07-14-at-16.24.56-500x500.jpeg\" class=\"attachment-thumbnail size-thumbnail\" alt=\"\" decoding=\"async\" loading=\"lazy\" \/><\/a>\n\t\t\t<\/div><\/figure><figure class='gallery-item'>\n\t\t\t<div class='gallery-icon landscape'>\n\t\t\t\t<a href='https:\/\/isfdyt20-bue.infd.edu.ar\/sitio\/inicio\/whatsapp-image-2023-07-14-at-16-24-56-1\/#main'><img width=\"500\" height=\"500\" src=\"https:\/\/isfdyt20-bue.infd.edu.ar\/sitio\/wp-content\/uploads\/2023\/08\/WhatsApp-Image-2023-07-14-at-16.24.56-1-500x500.jpeg\" class=\"attachment-thumbnail size-thumbnail\" alt=\"\" decoding=\"async\" loading=\"lazy\" \/><\/a>\n\t\t\t<\/div><\/figure>\n\t\t<\/div>\n\n","protected":false},"excerpt":{"rendered":"<p>Instituto Superior de Formaci\u00f3n Docente y T\u00e9cnica N\u00ba 20 Martha Carpaneto &#8211; Anexo Arribe\u00f1os \u00a0 \u00a0 \u00a0 \u00a0 \u00a0 \u00a0 \u00a0 \u00a0 \u00a0 \u00a0 \u00a0 \u00a0 \u00a0 \u00a0 \u00a0 \u00a0 \u00a0 \u00a0 \u00a0 \u00a0 \u00a0 \u00a0 \u00a0 \u00a0 \u00a0 \u00a0 \u00a0 \u00a0 \u00a0 \u00a0 \u00a0 \u00a0 \u00a0 \u00a0 \u00a0 \u00a0 \u00a0 \u00a0 \u00a0 \u00a0 \u00a0 &#8230; <a title=\"Inicio\" class=\"read-more\" href=\"https:\/\/isfdyt20-bue.infd.edu.ar\/sitio\/\" aria-label=\"More on Inicio\">[+]<\/a><\/p>\n","protected":false},"author":1,"featured_media":0,"parent":0,"menu_order":0,"comment_status":"closed","ping_status":"closed","template":"","meta":[],"acf":[],"_links":{"self":[{"href":"https:\/\/isfdyt20-bue.infd.edu.ar\/sitio\/wp-json\/wp\/v2\/pages\/286"}],"collection":[{"href":"https:\/\/isfdyt20-bue.infd.edu.ar\/sitio\/wp-json\/wp\/v2\/pages"}],"about":[{"href":"https:\/\/isfdyt20-bue.infd.edu.ar\/sitio\/wp-json\/wp\/v2\/types\/page"}],"author":[{"embeddable":true,"href":"https:\/\/isfdyt20-bue.infd.edu.ar\/sitio\/wp-json\/wp\/v2\/users\/1"}],"replies":[{"embeddable":true,"href":"https:\/\/isfdyt20-bue.infd.edu.ar\/sitio\/wp-json\/wp\/v2\/comments?post=286"}],"version-history":[{"count":164,"href":"https:\/\/isfdyt20-bue.infd.edu.ar\/sitio\/wp-json\/wp\/v2\/pages\/286\/revisions"}],"predecessor-version":[{"id":1008,"href":"https:\/\/isfdyt20-bue.infd.edu.ar\/sitio\/wp-json\/wp\/v2\/pages\/286\/revisions\/1008"}],"wp:attachment":[{"href":"https:\/\/isfdyt20-bue.infd.edu.ar\/sitio\/wp-json\/wp\/v2\/media?parent=286"}],"curies":[{"name":"wp","href":"https:\/\/api.w.org\/{rel}","templated":true}]}}